{"id":765,"date":"2023-04-07T08:10:22","date_gmt":"2023-04-07T07:10:22","guid":{"rendered":"https:\/\/belastingtarieven.be\/home-2\/"},"modified":"2026-03-30T15:32:57","modified_gmt":"2026-03-30T14:32:57","slug":"home-2","status":"publish","type":"page","link":"https:\/\/belastingtarieven.be\/fr\/","title":{"rendered":"Taxes Belges"},"content":{"rendered":"\t\t<div data-elementor-type=\"wp-page\" data-elementor-id=\"765\" class=\"elementor elementor-765 elementor-424\">\n\t\t\t\t\t\t\t\t\t<section class=\"elementor-section elementor-top-section elementor-element elementor-element-c78fc59 elementor-section-content-middle home-rij1 elementor-section-boxed elementor-section-height-default elementor-section-height-default\" data-id=\"c78fc59\" data-element_type=\"section\">\n\t\t\t\t\t\t<div class=\"elementor-container elementor-column-gap-default\">\n\t\t\t\t\t<div class=\"elementor-column elementor-col-50 elementor-top-column elementor-element elementor-element-3c4a6df\" data-id=\"3c4a6df\" data-element_type=\"column\">\n\t\t\t<div class=\"elementor-widget-wrap elementor-element-populated\">\n\t\t\t\t\t\t\t\t<div class=\"elementor-element elementor-element-d166976 elementor-widget elementor-widget-heading\" data-id=\"d166976\" data-element_type=\"widget\" data-widget_type=\"heading.default\">\n\t\t\t\t<div class=\"elementor-widget-container\">\n\t\t\t<style>\/*! elementor - v3.10.2 - 29-01-2023 *\/\n.elementor-heading-title{padding:0;margin:0;line-height:1}.elementor-widget-heading .elementor-heading-title[class*=elementor-size-]>a{color:inherit;font-size:inherit;line-height:inherit}.elementor-widget-heading .elementor-heading-title.elementor-size-small{font-size:15px}.elementor-widget-heading .elementor-heading-title.elementor-size-medium{font-size:19px}.elementor-widget-heading .elementor-heading-title.elementor-size-large{font-size:29px}.elementor-widget-heading .elementor-heading-title.elementor-size-xl{font-size:39px}.elementor-widget-heading .elementor-heading-title.elementor-size-xxl{font-size:59px}<\/style><h1 class=\"elementor-heading-title elementor-size-default\">\u00c0 quoi s\u2019attendre ?<\/h1>\t\t<\/div>\n\t\t\t\t<\/div>\n\t\t\t\t<div class=\"elementor-element elementor-element-0f4929d elementor-widget elementor-widget-text-editor\" data-id=\"0f4929d\" data-element_type=\"widget\" data-widget_type=\"text-editor.default\">\n\t\t\t\t<div class=\"elementor-widget-container\">\n\t\t\t<style>\/*! elementor - v3.10.2 - 29-01-2023 *\/\n.elementor-widget-text-editor.elementor-drop-cap-view-stacked .elementor-drop-cap{background-color:#818a91;color:#fff}.elementor-widget-text-editor.elementor-drop-cap-view-framed .elementor-drop-cap{color:#818a91;border:3px solid;background-color:transparent}.elementor-widget-text-editor:not(.elementor-drop-cap-view-default) .elementor-drop-cap{margin-top:8px}.elementor-widget-text-editor:not(.elementor-drop-cap-view-default) .elementor-drop-cap-letter{width:1em;height:1em}.elementor-widget-text-editor .elementor-drop-cap{float:left;text-align:center;line-height:1;font-size:50px}.elementor-widget-text-editor .elementor-drop-cap-letter{display:inline-block}<\/style>\t\t\t\t<p class=\"p1\">Ce guide est un aper\u00e7u des imp\u00f4ts sur les revenus belges, des droits d&rsquo;enregistrement, des droits de succession, des taux de la TVA et des cotisations de s\u00e9curit\u00e9 sociale pour les entreprises, les entrepreneurs, les employ\u00e9s et les particuliers (\u2018personnes physiques\u2019).<span class=\"Apple-converted-space\">\u00a0 <\/span>Il traite \u00e9galement de la taxe annuelle sur les comptes-titres et la nouvelle taxation des plus-values (plus-values \u00e0 partir de 2026).<\/p><p class=\"p1\">Ce guide permet \u00e0 un investisseur, un entrepreneur, un expatri\u00e9 ou un particulier d&rsquo;avoir un premier aper\u00e7u des principaux points d&rsquo;attention du syst\u00e8me fiscal belge. Les <b>taux d&rsquo;imposition<\/b> sont en <b>gras.<\/b><\/p>\t\t\t\t\t\t<\/div>\n\t\t\t\t<\/div>\n\t\t\t\t<div class=\"elementor-element elementor-element-46ce5d3 elementor-align-left elementor-hidden-desktop elementor-hidden-tablet elementor-hidden-mobile elementor-widget elementor-widget-button\" data-id=\"46ce5d3\" data-element_type=\"widget\" data-widget_type=\"button.default\">\n\t\t\t\t<div class=\"elementor-widget-container\">\n\t\t\t\t\t<div class=\"elementor-button-wrapper\">\n\t\t\t<a href=\"#knoppen\" class=\"elementor-button-link elementor-button elementor-size-sm\" role=\"button\">\n\t\t\t\t\t\t<span class=\"elementor-button-content-wrapper\">\n\t\t\t\t\t\t\t<span class=\"elementor-button-icon elementor-align-icon-left\">\n\t\t\t\t<i aria-hidden=\"true\" class=\"fas fa-chevron-down\"><\/i>\t\t\t<\/span>\n\t\t\t\t\t\t<span class=\"elementor-button-text\"><\/span>\n\t\t<\/span>\n\t\t\t\t\t<\/a>\n\t\t<\/div>\n\t\t\t\t<\/div>\n\t\t\t\t<\/div>\n\t\t\t\t\t<\/div>\n\t\t<\/div>\n\t\t\t\t<div class=\"elementor-column elementor-col-50 elementor-top-column elementor-element elementor-element-c8c0362\" data-id=\"c8c0362\" data-element_type=\"column\">\n\t\t\t<div class=\"elementor-widget-wrap elementor-element-populated\">\n\t\t\t\t\t\t\t\t<div class=\"elementor-element elementor-element-1f84780 elementor-pagination-position-inside elementor-arrows-position-inside elementor-widget elementor-widget-image-carousel\" data-id=\"1f84780\" data-element_type=\"widget\" data-settings=\"{&quot;slides_to_show&quot;:&quot;1&quot;,&quot;pause_on_hover&quot;:&quot;no&quot;,&quot;pause_on_interaction&quot;:&quot;no&quot;,&quot;navigation&quot;:&quot;both&quot;,&quot;autoplay&quot;:&quot;yes&quot;,&quot;autoplay_speed&quot;:5000,&quot;infinite&quot;:&quot;yes&quot;,&quot;effect&quot;:&quot;slide&quot;,&quot;speed&quot;:500}\" data-widget_type=\"image-carousel.default\">\n\t\t\t\t<div class=\"elementor-widget-container\">\n\t\t\t<style>\/*! elementor - v3.10.2 - 29-01-2023 *\/\n.elementor-widget-image-carousel .swiper-container{position:static}.elementor-widget-image-carousel .swiper-container .swiper-slide figure{line-height:inherit}.elementor-widget-image-carousel .swiper-slide{text-align:center}.elementor-image-carousel-wrapper:not(.swiper-container-initialized) .swiper-slide{max-width:calc(100% \/ var(--e-image-carousel-slides-to-show, 3))}<\/style>\t\t<div class=\"elementor-image-carousel-wrapper swiper-container\" dir=\"ltr\">\n\t\t\t<div class=\"elementor-image-carousel swiper-wrapper swiper-image-stretch\">\n\t\t\t\t\t\t\t\t<div class=\"swiper-slide\"><figure class=\"swiper-slide-inner\"><img decoding=\"async\" class=\"swiper-slide-image\" src=\"https:\/\/belastingtarieven.be\/wp-content\/uploads\/2023\/04\/mock-upfbtax2-1024x1024.jpg\" alt=\"\" \/><\/figure><\/div><div class=\"swiper-slide\"><figure class=\"swiper-slide-inner\"><img decoding=\"async\" class=\"swiper-slide-image\" src=\"https:\/\/belastingtarieven.be\/wp-content\/uploads\/2023\/04\/NL-mockup-1024x683.jpg\" alt=\"\" \/><\/figure><\/div>\t\t\t<\/div>\n\t\t\t\t\t\t\t\t\t\t\t\t<div class=\"swiper-pagination\"><\/div>\n\t\t\t\t\t\t\t\t\t\t\t\t\t<div class=\"elementor-swiper-button elementor-swiper-button-prev\">\n\t\t\t\t\t\t<i aria-hidden=\"true\" class=\"eicon-chevron-left\"><\/i>\t\t\t\t\t\t<span class=\"elementor-screen-only\">Pr\u00e9c\u00e9dent<\/span>\n\t\t\t\t\t<\/div>\n\t\t\t\t\t<div class=\"elementor-swiper-button elementor-swiper-button-next\">\n\t\t\t\t\t\t<i aria-hidden=\"true\" class=\"eicon-chevron-right\"><\/i>\t\t\t\t\t\t<span class=\"elementor-screen-only\">Suivant<\/span>\n\t\t\t\t\t<\/div>\n\t\t\t\t\t\t\t\t\t<\/div>\n\t\t\t\t<\/div>\n\t\t\t\t<\/div>\n\t\t\t\t\t<\/div>\n\t\t<\/div>\n\t\t\t\t\t\t\t<\/div>\n\t\t<\/section>\n\t\t\t\t<section class=\"elementor-section elementor-top-section elementor-element elementor-element-8003da7 rij1_home elementor-section-boxed elementor-section-height-default elementor-section-height-default\" data-id=\"8003da7\" data-element_type=\"section\">\n\t\t\t\t\t\t<div class=\"elementor-container elementor-column-gap-no\">\n\t\t\t\t\t<div class=\"elementor-column elementor-col-100 elementor-top-column elementor-element elementor-element-b71326a\" data-id=\"b71326a\" data-element_type=\"column\" data-settings=\"{&quot;background_background&quot;:&quot;classic&quot;}\">\n\t\t\t<div class=\"elementor-widget-wrap elementor-element-populated\">\n\t\t\t\t\t\t\t\t<div class=\"elementor-element elementor-element-6af2777 elementor-widget elementor-widget-text-editor\" data-id=\"6af2777\" data-element_type=\"widget\" data-widget_type=\"text-editor.default\">\n\t\t\t\t<div class=\"elementor-widget-container\">\n\t\t\t\t\t\t\t<h2 style=\"text-align: center;\"><strong>Acc\u00e9dez au guide fiscal belge en ligne<\/strong><\/h2>\t\t\t\t\t\t<\/div>\n\t\t\t\t<\/div>\n\t\t\t\t<div class=\"elementor-element elementor-element-fa83419 elementor-align-center elementor-widget elementor-widget-button\" data-id=\"fa83419\" data-element_type=\"widget\" data-widget_type=\"button.default\">\n\t\t\t\t<div class=\"elementor-widget-container\">\n\t\t\t\t\t<div class=\"elementor-button-wrapper\">\n\t\t\t<a href=\"https:\/\/belastingtarieven.be\/fr\/toegang-tot-de-online-belastinggids\/\" class=\"elementor-button-link elementor-button elementor-size-md\" role=\"button\">\n\t\t\t\t\t\t<span class=\"elementor-button-content-wrapper\">\n\t\t\t\t\t\t<span class=\"elementor-button-text\">Recevez le guide fiscal belge en ligne<\/span>\n\t\t<\/span>\n\t\t\t\t\t<\/a>\n\t\t<\/div>\n\t\t\t\t<\/div>\n\t\t\t\t<\/div>\n\t\t\t\t\t<\/div>\n\t\t<\/div>\n\t\t\t\t\t\t\t<\/div>\n\t\t<\/section>\n\t\t\t\t<section class=\"elementor-section elementor-top-section elementor-element elementor-element-caa6873 rij1_home elementor-hidden-desktop elementor-hidden-tablet elementor-hidden-mobile elementor-section-boxed elementor-section-height-default elementor-section-height-default\" data-id=\"caa6873\" data-element_type=\"section\" id=\"knoppen\">\n\t\t\t\t\t\t<div class=\"elementor-container elementor-column-gap-no\">\n\t\t\t\t\t<div class=\"elementor-column elementor-col-50 elementor-top-column elementor-element elementor-element-30aa4af\" data-id=\"30aa4af\" data-element_type=\"column\" data-settings=\"{&quot;background_background&quot;:&quot;classic&quot;}\">\n\t\t\t<div class=\"elementor-widget-wrap elementor-element-populated\">\n\t\t\t\t\t\t\t\t<div class=\"elementor-element elementor-element-3a4263e elementor-widget elementor-widget-text-editor\" data-id=\"3a4263e\" data-element_type=\"widget\" data-widget_type=\"text-editor.default\">\n\t\t\t\t<div class=\"elementor-widget-container\">\n\t\t\t\t\t\t\t<h2 style=\"text-align: center;\"><strong>Acc\u00e9dez gratuitement au r\u00e9sum\u00e9<\/strong><\/h2>\t\t\t\t\t\t<\/div>\n\t\t\t\t<\/div>\n\t\t\t\t<div class=\"elementor-element elementor-element-b019177 elementor-align-center elementor-widget elementor-widget-button\" data-id=\"b019177\" data-element_type=\"widget\" data-widget_type=\"button.default\">\n\t\t\t\t<div class=\"elementor-widget-container\">\n\t\t\t\t\t<div class=\"elementor-button-wrapper\">\n\t\t\t<a href=\"https:\/\/belastingtarieven.be\/en\/free-access-to-short-content\/\" class=\"elementor-button-link elementor-button elementor-size-md\" role=\"button\">\n\t\t\t\t\t\t<span class=\"elementor-button-content-wrapper\">\n\t\t\t\t\t\t<span class=\"elementor-button-text\">Recevez le r\u00e9sum\u00e9<\/span>\n\t\t<\/span>\n\t\t\t\t\t<\/a>\n\t\t<\/div>\n\t\t\t\t<\/div>\n\t\t\t\t<\/div>\n\t\t\t\t\t<\/div>\n\t\t<\/div>\n\t\t\t\t<div class=\"elementor-column elementor-col-50 elementor-top-column elementor-element elementor-element-c45b069\" data-id=\"c45b069\" data-element_type=\"column\" data-settings=\"{&quot;background_background&quot;:&quot;classic&quot;}\">\n\t\t\t<div class=\"elementor-widget-wrap elementor-element-populated\">\n\t\t\t\t\t\t\t\t<div class=\"elementor-element elementor-element-d3bfb94 elementor-widget elementor-widget-text-editor\" data-id=\"d3bfb94\" data-element_type=\"widget\" data-widget_type=\"text-editor.default\">\n\t\t\t\t<div class=\"elementor-widget-container\">\n\t\t\t\t\t\t\t<h2 style=\"text-align: center;\"><strong>Recevez une version reli\u00e9e (A5) pour 49 euros<\/strong><\/h2>\t\t\t\t\t\t<\/div>\n\t\t\t\t<\/div>\n\t\t\t\t<div class=\"elementor-element elementor-element-fbc463d elementor-align-center elementor-widget elementor-widget-button\" data-id=\"fbc463d\" data-element_type=\"widget\" data-widget_type=\"button.default\">\n\t\t\t\t<div class=\"elementor-widget-container\">\n\t\t\t\t\t<div class=\"elementor-button-wrapper\">\n\t\t\t<a href=\"https:\/\/belastingtarieven.be\/en\/bound-version\/\" class=\"elementor-button-link elementor-button elementor-size-md\" role=\"button\">\n\t\t\t\t\t\t<span class=\"elementor-button-content-wrapper\">\n\t\t\t\t\t\t<span class=\"elementor-button-text\">Commander la version compl\u00e8te<\/span>\n\t\t<\/span>\n\t\t\t\t\t<\/a>\n\t\t<\/div>\n\t\t\t\t<\/div>\n\t\t\t\t<\/div>\n\t\t\t\t\t<\/div>\n\t\t<\/div>\n\t\t\t\t\t\t\t<\/div>\n\t\t<\/section>\n\t\t\t\t\t\t\t<\/div>\n\t\t","protected":false},"excerpt":{"rendered":"<p>\u00c0 quoi s\u2019attendre ? Ce guide est un aper\u00e7u des imp\u00f4ts sur les revenus belges, des droits d&rsquo;enregistrement, des droits de succession, des taux de la TVA et des cotisations de s\u00e9curit\u00e9 sociale pour les entreprises, les entrepreneurs, les employ\u00e9s et les particuliers (\u2018personnes physiques\u2019).\u00a0 Il traite \u00e9galement de la taxe annuelle sur les comptes-titres [&hellip;]<\/p>\n","protected":false},"author":2,"featured_media":0,"parent":0,"menu_order":0,"comment_status":"closed","ping_status":"closed","template":"","meta":[],"yoast_head":"<!-- This site is optimized with the Yoast SEO plugin v20.0 - https:\/\/yoast.com\/wordpress\/plugins\/seo\/ -->\n<title>Taxes Belges - Belastingtarieven<\/title>\n<meta name=\"robots\" content=\"index, follow, max-snippet:-1, max-image-preview:large, max-video-preview:-1\" \/>\n<link rel=\"canonical\" href=\"https:\/\/belastingtarieven.be\/fr\/\" \/>\n<meta property=\"og:locale\" content=\"fr_FR\" \/>\n<meta property=\"og:type\" content=\"article\" \/>\n<meta property=\"og:title\" content=\"Taxes Belges - Belastingtarieven\" \/>\n<meta property=\"og:description\" content=\"\u00c0 quoi s\u2019attendre ? Ce guide est un aper\u00e7u des imp\u00f4ts sur les revenus belges, des droits d&rsquo;enregistrement, des droits de succession, des taux de la TVA et des cotisations de s\u00e9curit\u00e9 sociale pour les entreprises, les entrepreneurs, les employ\u00e9s et les particuliers (\u2018personnes physiques\u2019).\u00a0 Il traite \u00e9galement de la taxe annuelle sur les comptes-titres [&hellip;]\" \/>\n<meta property=\"og:url\" content=\"https:\/\/belastingtarieven.be\/fr\/\" \/>\n<meta property=\"og:site_name\" content=\"Belastingtarieven\" \/>\n<meta property=\"article:modified_time\" content=\"2026-03-30T14:32:57+00:00\" \/>\n<meta property=\"og:image\" content=\"https:\/\/belastingtarieven.be\/wp-content\/uploads\/2023\/04\/mock-upfbtax2-1024x1024.jpg\" \/>\n<meta name=\"twitter:card\" content=\"summary_large_image\" \/>\n<meta name=\"twitter:label1\" content=\"Dur\u00e9e de lecture estim\u00e9e\" \/>\n\t<meta name=\"twitter:data1\" content=\"1 minute\" \/>\n<script type=\"application\/ld+json\" class=\"yoast-schema-graph\">{\"@context\":\"https:\/\/schema.org\",\"@graph\":[{\"@type\":\"WebPage\",\"@id\":\"https:\/\/belastingtarieven.be\/fr\/\",\"url\":\"https:\/\/belastingtarieven.be\/fr\/\",\"name\":\"Taxes Belges - Belastingtarieven\",\"isPartOf\":{\"@id\":\"https:\/\/belastingtarieven.be\/#website\"},\"datePublished\":\"2023-04-07T07:10:22+00:00\",\"dateModified\":\"2026-03-30T14:32:57+00:00\",\"breadcrumb\":{\"@id\":\"https:\/\/belastingtarieven.be\/fr\/#breadcrumb\"},\"inLanguage\":\"fr-FR\",\"potentialAction\":[{\"@type\":\"ReadAction\",\"target\":[\"https:\/\/belastingtarieven.be\/fr\/\"]}]},{\"@type\":\"BreadcrumbList\",\"@id\":\"https:\/\/belastingtarieven.be\/fr\/#breadcrumb\",\"itemListElement\":[{\"@type\":\"ListItem\",\"position\":1,\"name\":\"Home\",\"item\":\"https:\/\/belastingtarieven.be\/fr\/\"},{\"@type\":\"ListItem\",\"position\":2,\"name\":\"Taxes Belges\"}]},{\"@type\":\"WebSite\",\"@id\":\"https:\/\/belastingtarieven.be\/#website\",\"url\":\"https:\/\/belastingtarieven.be\/\",\"name\":\"Belastingtarieven\",\"description\":\"\",\"potentialAction\":[{\"@type\":\"SearchAction\",\"target\":{\"@type\":\"EntryPoint\",\"urlTemplate\":\"https:\/\/belastingtarieven.be\/?s={search_term_string}\"},\"query-input\":\"required name=search_term_string\"}],\"inLanguage\":\"fr-FR\"}]}<\/script>\n<!-- \/ Yoast SEO plugin. -->","yoast_head_json":{"title":"Taxes Belges - Belastingtarieven","robots":{"index":"index","follow":"follow","max-snippet":"max-snippet:-1","max-image-preview":"max-image-preview:large","max-video-preview":"max-video-preview:-1"},"canonical":"https:\/\/belastingtarieven.be\/fr\/","og_locale":"fr_FR","og_type":"article","og_title":"Taxes Belges - Belastingtarieven","og_description":"\u00c0 quoi s\u2019attendre ? Ce guide est un aper\u00e7u des imp\u00f4ts sur les revenus belges, des droits d&rsquo;enregistrement, des droits de succession, des taux de la TVA et des cotisations de s\u00e9curit\u00e9 sociale pour les entreprises, les entrepreneurs, les employ\u00e9s et les particuliers (\u2018personnes physiques\u2019).\u00a0 Il traite \u00e9galement de la taxe annuelle sur les comptes-titres [&hellip;]","og_url":"https:\/\/belastingtarieven.be\/fr\/","og_site_name":"Belastingtarieven","article_modified_time":"2026-03-30T14:32:57+00:00","og_image":[{"url":"https:\/\/belastingtarieven.be\/wp-content\/uploads\/2023\/04\/mock-upfbtax2-1024x1024.jpg"}],"twitter_card":"summary_large_image","twitter_misc":{"Dur\u00e9e de lecture estim\u00e9e":"1 minute"},"schema":{"@context":"https:\/\/schema.org","@graph":[{"@type":"WebPage","@id":"https:\/\/belastingtarieven.be\/fr\/","url":"https:\/\/belastingtarieven.be\/fr\/","name":"Taxes Belges - Belastingtarieven","isPartOf":{"@id":"https:\/\/belastingtarieven.be\/#website"},"datePublished":"2023-04-07T07:10:22+00:00","dateModified":"2026-03-30T14:32:57+00:00","breadcrumb":{"@id":"https:\/\/belastingtarieven.be\/fr\/#breadcrumb"},"inLanguage":"fr-FR","potentialAction":[{"@type":"ReadAction","target":["https:\/\/belastingtarieven.be\/fr\/"]}]},{"@type":"BreadcrumbList","@id":"https:\/\/belastingtarieven.be\/fr\/#breadcrumb","itemListElement":[{"@type":"ListItem","position":1,"name":"Home","item":"https:\/\/belastingtarieven.be\/fr\/"},{"@type":"ListItem","position":2,"name":"Taxes Belges"}]},{"@type":"WebSite","@id":"https:\/\/belastingtarieven.be\/#website","url":"https:\/\/belastingtarieven.be\/","name":"Belastingtarieven","description":"","potentialAction":[{"@type":"SearchAction","target":{"@type":"EntryPoint","urlTemplate":"https:\/\/belastingtarieven.be\/?s={search_term_string}"},"query-input":"required name=search_term_string"}],"inLanguage":"fr-FR"}]}},"_links":{"self":[{"href":"https:\/\/belastingtarieven.be\/fr\/wp-json\/wp\/v2\/pages\/765"}],"collection":[{"href":"https:\/\/belastingtarieven.be\/fr\/wp-json\/wp\/v2\/pages"}],"about":[{"href":"https:\/\/belastingtarieven.be\/fr\/wp-json\/wp\/v2\/types\/page"}],"author":[{"embeddable":true,"href":"https:\/\/belastingtarieven.be\/fr\/wp-json\/wp\/v2\/users\/2"}],"replies":[{"embeddable":true,"href":"https:\/\/belastingtarieven.be\/fr\/wp-json\/wp\/v2\/comments?post=765"}],"version-history":[{"count":20,"href":"https:\/\/belastingtarieven.be\/fr\/wp-json\/wp\/v2\/pages\/765\/revisions"}],"predecessor-version":[{"id":849,"href":"https:\/\/belastingtarieven.be\/fr\/wp-json\/wp\/v2\/pages\/765\/revisions\/849"}],"wp:attachment":[{"href":"https:\/\/belastingtarieven.be\/fr\/wp-json\/wp\/v2\/media?parent=765"}],"curies":[{"name":"wp","href":"https:\/\/api.w.org\/{rel}","templated":true}]}}